{"id":351,"date":"2020-05-06T15:02:03","date_gmt":"2020-05-06T15:02:03","guid":{"rendered":"https:\/\/c19reg.org\/pourquoi\/"},"modified":"2020-05-06T15:02:07","modified_gmt":"2020-05-06T15:02:07","slug":"pourquoi","status":"publish","type":"page","link":"https:\/\/c19reg.org\/fr\/pourquoi\/","title":{"rendered":"Pourquoi"},"content":{"rendered":"<p>[et_pb_section fb_built=\u00a0\u00bb1&Prime; _builder_version=\u00a0\u00bb4.4.3&Prime; background_color=\u00a0\u00bb#0061ad\u00a0\u00bb custom_margin=\u00a0\u00bb||0px||false|false\u00a0\u00bb collapsed=\u00a0\u00bboff\u00a0\u00bb][et_pb_row _builder_version=\u00a0\u00bb4.4.3&Prime;][et_pb_column type=\u00a0\u00bb4_4&Prime; _builder_version=\u00a0\u00bb4.4.3&Prime;][et_pb_text _builder_version=\u00a0\u00bb4.4.5&Prime; text_text_color=\u00a0\u00bb#ffffff\u00a0\u00bb text_font_size=\u00a0\u00bb18px\u00a0\u00bb header_font=\u00a0\u00bb|||on|||||\u00a0\u00bb header_text_color=\u00a0\u00bb#ffffff\u00a0\u00bb header_font_size=\u00a0\u00bb32px\u00a0\u00bb header_2_text_color=\u00a0\u00bb#ffffff\u00a0\u00bb hover_enabled=\u00a0\u00bb0&Prime;]<\/p>\n<p>Plus de connaissances, plus de transparence, maintenant !<\/p>\n<h1>POURQUOI UN REGISTRE COVID-19 ?<\/h1>\n<p>[\/et_pb_text][\/et_pb_column][\/et_pb_row][\/et_pb_section][et_pb_section fb_built=\u00a0\u00bb1&Prime; _builder_version=\u00a0\u00bb4.4.3&Prime; background_image=\u00a0\u00bbhttps:\/\/c19reg.org\/wp-content\/uploads\/2020\/04\/covid-19-background-hellblau-III.png\u00a0\u00bb custom_padding=\u00a0\u00bb2px|||||\u00a0\u00bb collapsed=\u00a0\u00bboff\u00a0\u00bb][et_pb_row _builder_version=\u00a0\u00bb4.4.3&Prime; min_height=\u00a0\u00bb215px\u00a0\u00bb custom_margin=\u00a0\u00bb32px||||false|false\u00a0\u00bb][et_pb_column type=\u00a0\u00bb4_4&Prime; _builder_version=\u00a0\u00bb4.4.3&Prime;][et_pb_text _builder_version=\u00a0\u00bb4.4.5&Prime; header_2_font=\u00a0\u00bb|||on|||||\u00a0\u00bb header_2_text_color=\u00a0\u00bb#0061ad\u00a0\u00bb hover_enabled=\u00a0\u00bb0&Prime;]<\/p>\n<h2>NOUS EN SAVONS TROP PEU SUR COVID-19<\/h2>\n<p>Des questions importantes, telles que les suivantes, sont actuellement sans r\u00e9ponse :<\/p>\n<ul>\n<li>Pourquoi certains patients ne pr\u00e9sentent-ils pratiquement aucun sympt\u00f4me alors que d&rsquo;autres ont une \u00e9volution extr\u00eamement grave ?<\/li>\n<li>Est-il vrai que le groupe sanguin joue un r\u00f4le d\u00e9cisif dans le d\u00e9roulement de la COVID-19 ?<\/li>\n<li>Est-ce l&rsquo;hypertension art\u00e9rielle ou son traitement m\u00e9dicamenteux permanent qui est \u00e0 l&rsquo;origine du mauvais pronostic ?<\/li>\n<li>Les m\u00e9dicaments d\u00e9di\u00e9s (par exemple les m\u00e9dicaments viraux contre le sida) sont-ils vraiment utiles contre la COVID-19 et si oui, pour quels patients ?<\/li>\n<\/ul>\n<p>Mais les informations que vous fournissez en tant que personne directement concern\u00e9e, que ce soit un patient ou un m\u00e9decin, peuvent faire la diff\u00e9rence ! Tous les patients COVID-19 et tous les h\u00f4pitaux de Suisse sont invit\u00e9s \u00e0 partager leurs exp\u00e9riences avec nous. Le syst\u00e8me est disponible imm\u00e9diatement et gratuitement.<\/p>\n<p><strong>Toutle monde<\/strong> peut<a href=\"https:\/\/www.patrep.org\/Intern\/Patientenfragebogen\/?formId=23\" target=\"_blank\" rel=\"noopener noreferrer\">commencer \u00e0 collecter ses donn\u00e9es m\u00e9dicales et ses commentaires ici.<\/a><\/p>\n<p>Il existe un syst\u00e8me complet de d\u00e9claration COVID-19 et un registre pour les <strong>h\u00f4pitaux\/m\u00e9decins<\/strong>. (<a href=\"https:\/\/www.covid19register.ch\" target=\"_blank\" rel=\"noopener noreferrer\"><u>Des informations d\u00e9taill\u00e9es sont disponibles ici<\/u><\/a>).<\/p>\n<p>[\/et_pb_text][\/et_pb_column][\/et_pb_row][\/et_pb_section]<\/p>\n","protected":false},"excerpt":{"rendered":"<p>Plus de connaissances, plus de transparence, maintenant ! POURQUOI UN REGISTRE COVID-19 ? NOUS EN SAVONS TROP PEU SUR COVID-19 Des questions importantes, telles que les suivantes, sont actuellement sans r\u00e9ponse : Pourquoi certains patients ne pr\u00e9sentent-ils pratiquement aucun sympt\u00f4me alors que d&rsquo;autres ont une \u00e9volution extr\u00eamement grave ? Est-il vrai que le groupe sanguin [&hellip;]<\/p>\n","protected":false},"author":1,"featured_media":0,"parent":0,"menu_order":0,"comment_status":"closed","ping_status":"closed","template":"","meta":{"_et_pb_use_builder":"on","_et_pb_old_content":"","_et_gb_content_width":"","footnotes":""},"class_list":["post-351","page","type-page","status-publish","hentry"],"yoast_head":"<!-- This site is optimized with the Yoast SEO plugin v27.4 - https:\/\/yoast.com\/product\/yoast-seo-wordpress\/ -->\n<title>Pourquoi? : Open Data COVID-19 Register<\/title>\n<meta name=\"description\" content=\"Pourquoi exploitons-nous ce registre ? Quelles sont les raisons qui nous ont pouss\u00e9s \u00e0 cr\u00e9er un registre pour les patients et les m\u00e9decins ?\" \/>\n<meta name=\"robots\" content=\"index, follow, max-snippet:-1, max-image-preview:large, max-video-preview:-1\" \/>\n<link rel=\"canonical\" href=\"https:\/\/c19reg.org\/fr\/pourquoi\/\" \/>\n<meta property=\"og:locale\" content=\"fr_FR\" \/>\n<meta property=\"og:type\" content=\"article\" \/>\n<meta property=\"og:title\" content=\"Pourquoi? : Open Data COVID-19 Register\" \/>\n<meta property=\"og:description\" content=\"Pourquoi exploitons-nous ce registre ? Quelles sont les raisons qui nous ont pouss\u00e9s \u00e0 cr\u00e9er un registre pour les patients et les m\u00e9decins ?\" \/>\n<meta property=\"og:url\" content=\"https:\/\/c19reg.org\/fr\/pourquoi\/\" \/>\n<meta property=\"og:site_name\" content=\"Open Data COVID-19 Register\" \/>\n<meta property=\"article:modified_time\" content=\"2020-05-06T15:02:07+00:00\" \/>\n<meta name=\"twitter:card\" content=\"summary_large_image\" \/>\n<meta name=\"twitter:label1\" content=\"Dur\u00e9e de lecture estim\u00e9e\" \/>\n\t<meta name=\"twitter:data1\" content=\"2 minutes\" \/>\n<script type=\"application\/ld+json\" class=\"yoast-schema-graph\">{\"@context\":\"https:\\\/\\\/schema.org\",\"@graph\":[{\"@type\":\"WebPage\",\"@id\":\"https:\\\/\\\/c19reg.org\\\/fr\\\/pourquoi\\\/\",\"url\":\"https:\\\/\\\/c19reg.org\\\/fr\\\/pourquoi\\\/\",\"name\":\"Pourquoi? : Open Data COVID-19 Register\",\"isPartOf\":{\"@id\":\"https:\\\/\\\/c19reg.org\\\/#website\"},\"datePublished\":\"2020-05-06T15:02:03+00:00\",\"dateModified\":\"2020-05-06T15:02:07+00:00\",\"description\":\"Pourquoi exploitons-nous ce registre ? Quelles sont les raisons qui nous ont pouss\u00e9s \u00e0 cr\u00e9er un registre pour les patients et les m\u00e9decins ?\",\"breadcrumb\":{\"@id\":\"https:\\\/\\\/c19reg.org\\\/fr\\\/pourquoi\\\/#breadcrumb\"},\"inLanguage\":\"fr-FR\",\"potentialAction\":[{\"@type\":\"ReadAction\",\"target\":[\"https:\\\/\\\/c19reg.org\\\/fr\\\/pourquoi\\\/\"]}]},{\"@type\":\"BreadcrumbList\",\"@id\":\"https:\\\/\\\/c19reg.org\\\/fr\\\/pourquoi\\\/#breadcrumb\",\"itemListElement\":[{\"@type\":\"ListItem\",\"position\":1,\"name\":\"Startseite\",\"item\":\"https:\\\/\\\/c19reg.org\\\/fr\\\/\"},{\"@type\":\"ListItem\",\"position\":2,\"name\":\"Pourquoi\"}]},{\"@type\":\"WebSite\",\"@id\":\"https:\\\/\\\/c19reg.org\\\/#website\",\"url\":\"https:\\\/\\\/c19reg.org\\\/\",\"name\":\"c19 reg - Open Data COVID-19 Register\",\"description\":\"Mehr Wissen, mehr Transparenz, jetzt!\",\"publisher\":{\"@id\":\"https:\\\/\\\/c19reg.org\\\/#organization\"},\"potentialAction\":[{\"@type\":\"SearchAction\",\"target\":{\"@type\":\"EntryPoint\",\"urlTemplate\":\"https:\\\/\\\/c19reg.org\\\/?s={search_term_string}\"},\"query-input\":{\"@type\":\"PropertyValueSpecification\",\"valueRequired\":true,\"valueName\":\"search_term_string\"}}],\"inLanguage\":\"fr-FR\"},{\"@type\":\"Organization\",\"@id\":\"https:\\\/\\\/c19reg.org\\\/#organization\",\"name\":\"c19reg COVID-19 Register\",\"url\":\"https:\\\/\\\/c19reg.org\\\/\",\"logo\":{\"@type\":\"ImageObject\",\"inLanguage\":\"fr-FR\",\"@id\":\"https:\\\/\\\/c19reg.org\\\/#\\\/schema\\\/logo\\\/image\\\/\",\"url\":\"https:\\\/\\\/c19reg.org\\\/wp-content\\\/uploads\\\/2020\\\/04\\\/covid-19-Logo-436.jpg\",\"contentUrl\":\"https:\\\/\\\/c19reg.org\\\/wp-content\\\/uploads\\\/2020\\\/04\\\/covid-19-Logo-436.jpg\",\"width\":436,\"height\":193,\"caption\":\"c19reg COVID-19 Register\"},\"image\":{\"@id\":\"https:\\\/\\\/c19reg.org\\\/#\\\/schema\\\/logo\\\/image\\\/\"}}]}<\/script>\n<!-- \/ Yoast SEO plugin. -->","yoast_head_json":{"title":"Pourquoi? : Open Data COVID-19 Register","description":"Pourquoi exploitons-nous ce registre ? Quelles sont les raisons qui nous ont pouss\u00e9s \u00e0 cr\u00e9er un registre pour les patients et les m\u00e9decins ?","robots":{"index":"index","follow":"follow","max-snippet":"max-snippet:-1","max-image-preview":"max-image-preview:large","max-video-preview":"max-video-preview:-1"},"canonical":"https:\/\/c19reg.org\/fr\/pourquoi\/","og_locale":"fr_FR","og_type":"article","og_title":"Pourquoi? : Open Data COVID-19 Register","og_description":"Pourquoi exploitons-nous ce registre ? Quelles sont les raisons qui nous ont pouss\u00e9s \u00e0 cr\u00e9er un registre pour les patients et les m\u00e9decins ?","og_url":"https:\/\/c19reg.org\/fr\/pourquoi\/","og_site_name":"Open Data COVID-19 Register","article_modified_time":"2020-05-06T15:02:07+00:00","twitter_card":"summary_large_image","twitter_misc":{"Dur\u00e9e de lecture estim\u00e9e":"2 minutes"},"schema":{"@context":"https:\/\/schema.org","@graph":[{"@type":"WebPage","@id":"https:\/\/c19reg.org\/fr\/pourquoi\/","url":"https:\/\/c19reg.org\/fr\/pourquoi\/","name":"Pourquoi? : Open Data COVID-19 Register","isPartOf":{"@id":"https:\/\/c19reg.org\/#website"},"datePublished":"2020-05-06T15:02:03+00:00","dateModified":"2020-05-06T15:02:07+00:00","description":"Pourquoi exploitons-nous ce registre ? Quelles sont les raisons qui nous ont pouss\u00e9s \u00e0 cr\u00e9er un registre pour les patients et les m\u00e9decins ?","breadcrumb":{"@id":"https:\/\/c19reg.org\/fr\/pourquoi\/#breadcrumb"},"inLanguage":"fr-FR","potentialAction":[{"@type":"ReadAction","target":["https:\/\/c19reg.org\/fr\/pourquoi\/"]}]},{"@type":"BreadcrumbList","@id":"https:\/\/c19reg.org\/fr\/pourquoi\/#breadcrumb","itemListElement":[{"@type":"ListItem","position":1,"name":"Startseite","item":"https:\/\/c19reg.org\/fr\/"},{"@type":"ListItem","position":2,"name":"Pourquoi"}]},{"@type":"WebSite","@id":"https:\/\/c19reg.org\/#website","url":"https:\/\/c19reg.org\/","name":"c19 reg - Open Data COVID-19 Register","description":"Mehr Wissen, mehr Transparenz, jetzt!","publisher":{"@id":"https:\/\/c19reg.org\/#organization"},"potentialAction":[{"@type":"SearchAction","target":{"@type":"EntryPoint","urlTemplate":"https:\/\/c19reg.org\/?s={search_term_string}"},"query-input":{"@type":"PropertyValueSpecification","valueRequired":true,"valueName":"search_term_string"}}],"inLanguage":"fr-FR"},{"@type":"Organization","@id":"https:\/\/c19reg.org\/#organization","name":"c19reg COVID-19 Register","url":"https:\/\/c19reg.org\/","logo":{"@type":"ImageObject","inLanguage":"fr-FR","@id":"https:\/\/c19reg.org\/#\/schema\/logo\/image\/","url":"https:\/\/c19reg.org\/wp-content\/uploads\/2020\/04\/covid-19-Logo-436.jpg","contentUrl":"https:\/\/c19reg.org\/wp-content\/uploads\/2020\/04\/covid-19-Logo-436.jpg","width":436,"height":193,"caption":"c19reg COVID-19 Register"},"image":{"@id":"https:\/\/c19reg.org\/#\/schema\/logo\/image\/"}}]}},"_links":{"self":[{"href":"https:\/\/c19reg.org\/fr\/wp-json\/wp\/v2\/pages\/351"}],"collection":[{"href":"https:\/\/c19reg.org\/fr\/wp-json\/wp\/v2\/pages"}],"about":[{"href":"https:\/\/c19reg.org\/fr\/wp-json\/wp\/v2\/types\/page"}],"author":[{"embeddable":true,"href":"https:\/\/c19reg.org\/fr\/wp-json\/wp\/v2\/users\/1"}],"replies":[{"embeddable":true,"href":"https:\/\/c19reg.org\/fr\/wp-json\/wp\/v2\/comments?post=351"}],"version-history":[{"count":3,"href":"https:\/\/c19reg.org\/fr\/wp-json\/wp\/v2\/pages\/351\/revisions"}],"predecessor-version":[{"id":355,"href":"https:\/\/c19reg.org\/fr\/wp-json\/wp\/v2\/pages\/351\/revisions\/355"}],"wp:attachment":[{"href":"https:\/\/c19reg.org\/fr\/wp-json\/wp\/v2\/media?parent=351"}],"curies":[{"name":"wp","href":"https:\/\/api.w.org\/{rel}","templated":true}]}}